{"id":5,"date":"2016-07-27T17:49:35","date_gmt":"2016-07-27T17:49:35","guid":{"rendered":"http:\/\/mirzamperez.sites.grinnell.edu\/imperiodiseno\/?page_id=5"},"modified":"2016-07-29T14:06:42","modified_gmt":"2016-07-29T14:06:42","slug":"about-2","status":"publish","type":"page","link":"https:\/\/mirzamperez.sites.grinnell.edu\/imperiodiseno\/about-2\/","title":{"rendered":"Curso \/ Course"},"content":{"rendered":"<p style=\"text-align: center;\"><strong>SPAN 395 <em>Dise\u00f1ando un Imperio: Plazas, poder y planeamiento urbano en la Espa\u00f1a Habsburga y sus colonias<\/em><br \/>\n<\/strong>Prof. Mirzam C. P\u00e9rez\u00a0\u00a0\u00a0\u00a0\u00a0 Primavera 2016<\/p>\n<p style=\"text-align: center;\">Grinnell College, Iowa<\/p>\n<p>\u00a0\u00a0\u00a0\u00a0\u00a0\u00a0\u00a0\u00a0\u00a0\u00a0\u00a0\u00a0\u00a0\u00a0 Los monarcas Habsburgos espa\u00f1oles emplearon la fundaci\u00f3n de ciudades como herramienta de legitimidad imperial en formas que otras potencias coloniales emergentes no lo hicieron o lo que se ha llamado la creaci\u00f3n de un &#8220;imperio de las ciudades&#8221; (Kagan). En Europa, los centros urbanos establecidos se sometieron a cambios pol\u00edticos y un redise\u00f1o del espacio urbano como lo fue el caso de Madrid, que se transform\u00f3 dram\u00e1ticamente como nueva capital de la corte imperial Habsburga. En las Am\u00e9ricas, la ciudad de M\u00e9xico se reorganiza luego de la desaparici\u00f3n violenta de Tenochtitlan, mientras que Lima fue fundada como una nueva capital virreinal y una alternativa estrat\u00e9gica a la antigua capital inca de Cuzco.<\/p>\n<p>Este curso aborda el tema comparativo de la ciudad en el mundo de los Habsburgos, centr\u00e1ndose en particular en Espa\u00f1a, el Virreinato del Per\u00fa y Nueva Espa\u00f1a y las colonias espa\u00f1olas en Asia. El denominador com\u00fan es la construcci\u00f3n pol\u00edtica y la alteraci\u00f3n de espacios p\u00fablicos, como viejos espacios comunales urbanos fueron rehechos hasta convertirse en vitrinas barrocas de poder mon\u00e1rquico y c\u00f3mo, en los territorios de ultramar, el urbanismo era la piedra angular de la legitimidad mon\u00e1rquica. Nuestro punto final ser\u00e1 la ciudad barroca del siglo XVII y su mirada transformada, desde grandes plazas p\u00fablicas a ciudadelas reales y nuevas fortificaciones. Se exploran los motivos pol\u00edticos e implicaciones econ\u00f3micas de tal redise\u00f1o espacial. Nuestro an\u00e1lisis de las ciudades coloniales de la Am\u00e9rica espa\u00f1ola aborda representaciones ind\u00edgenas de los espacios urbanos en los c\u00f3dices mesoamericanos y c\u00f3mo estas formas art\u00edsticas fueron adoptados y adaptados en los documentos coloniales. Los estudiantes entender\u00e1n c\u00f3mo los espacios sagrados ind\u00edgenas fueron reutilizados y redise\u00f1ados para hacer cumplir la conversi\u00f3n religiosa y pol\u00edtica en las comunidades recientemente conquistadas. Estudiaremos como los artistas e intelectuales extranjeros y locales en la era moderna han contribuido a la representaci\u00f3n del paisaje urbano del Imperio espa\u00f1ol a trav\u00e9s de las descripciones escritas y representaciones visuales que presentan a\u00a0 las ciudades y espacios p\u00fablicos seleccionados. Estas historias y estos retratos citadinos nos permiten examinar, entre otras cosas, la historia de la cartograf\u00eda y la coreograf\u00eda, las ideolog\u00edas que participan en la representaci\u00f3n est\u00e9tica de las ciudades, y la evoluci\u00f3n de las ideas sobre\u00a0 arquitectura y planificaci\u00f3n urbana a principios de la edad media temprana.<\/p>\n<p><strong>\u00a0<\/strong><\/p>\n","protected":false},"excerpt":{"rendered":"<p>SPAN 395 Dise\u00f1ando un Imperio: Plazas, poder y planeamiento urbano en la Espa\u00f1a Habsburga y sus colonias Prof. Mirzam C. P\u00e9rez\u00a0\u00a0\u00a0\u00a0\u00a0 Primavera 2016 Grinnell College, Iowa \u00a0\u00a0\u00a0\u00a0\u00a0\u00a0\u00a0\u00a0\u00a0\u00a0\u00a0\u00a0\u00a0\u00a0 Los monarcas Habsburgos espa\u00f1oles emplearon la fundaci\u00f3n de ciudades como herramienta de legitimidad imperial en formas que otras potencias coloniales emergentes no lo hicieron o lo que se &hellip; <a href=\"https:\/\/mirzamperez.sites.grinnell.edu\/imperiodiseno\/about-2\/\" class=\"more-link\">Continue reading <span class=\"screen-reader-text\">Curso \/ Course<\/span><\/a><\/p>\n","protected":false},"author":2,"featured_media":0,"parent":0,"menu_order":0,"comment_status":"closed","ping_status":"closed","template":"","meta":{"footnotes":""},"class_list":["post-5","page","type-page","status-publish","hentry"],"_links":{"self":[{"href":"https:\/\/mirzamperez.sites.grinnell.edu\/imperiodiseno\/wp-json\/wp\/v2\/pages\/5","targetHints":{"allow":["GET"]}}],"collection":[{"href":"https:\/\/mirzamperez.sites.grinnell.edu\/imperiodiseno\/wp-json\/wp\/v2\/pages"}],"about":[{"href":"https:\/\/mirzamperez.sites.grinnell.edu\/imperiodiseno\/wp-json\/wp\/v2\/types\/page"}],"author":[{"embeddable":true,"href":"https:\/\/mirzamperez.sites.grinnell.edu\/imperiodiseno\/wp-json\/wp\/v2\/users\/2"}],"replies":[{"embeddable":true,"href":"https:\/\/mirzamperez.sites.grinnell.edu\/imperiodiseno\/wp-json\/wp\/v2\/comments?post=5"}],"version-history":[{"count":8,"href":"https:\/\/mirzamperez.sites.grinnell.edu\/imperiodiseno\/wp-json\/wp\/v2\/pages\/5\/revisions"}],"predecessor-version":[{"id":109,"href":"https:\/\/mirzamperez.sites.grinnell.edu\/imperiodiseno\/wp-json\/wp\/v2\/pages\/5\/revisions\/109"}],"wp:attachment":[{"href":"https:\/\/mirzamperez.sites.grinnell.edu\/imperiodiseno\/wp-json\/wp\/v2\/media?parent=5"}],"curies":[{"name":"wp","href":"https:\/\/api.w.org\/{rel}","templated":true}]}}