{"id":35,"date":"2016-07-27T19:31:42","date_gmt":"2016-07-27T19:31:42","guid":{"rendered":"http:\/\/mirzamperez.sites.grinnell.edu\/imperiodiseno\/?page_id=35"},"modified":"2016-07-29T14:46:41","modified_gmt":"2016-07-29T14:46:41","slug":"35-2","status":"publish","type":"page","link":"https:\/\/mirzamperez.sites.grinnell.edu\/imperiodiseno\/","title":{"rendered":""},"content":{"rendered":"<h1 style=\"text-align: center;\">Dise\u00f1ando un imperio Habsburgo<\/h1>\n<hr \/>\n<p>Los monarcas Habsburgos espa\u00f1oles emplearon la fundaci\u00f3n de ciudades como herramienta de legitimidad imperial en formas que otras potencias coloniales emergentes no lo hicieron o lo que se ha llamado la creaci\u00f3n de un \u201cimperio de las ciudades\u201d (Kagan). En Europa, los centros urbanos establecidos se sometieron a cambios pol\u00edticos y un redise\u00f1o del espacio urbano como lo fue el caso de Madrid, que se transform\u00f3 dram\u00e1ticamente como nueva capital de la corte imperial Habsburga. En las Am\u00e9ricas, la ciudad de M\u00e9xico se reorganiza luego de la desaparici\u00f3n violenta de Tenochtitlan, mientras que Lima fue fundada como una nueva capital virreinal y una alternativa estrat\u00e9gica a la antigua capital inca de Cuzco. Este sitio web presenta los proyectos digitales producidos por alumnos de Grinnell College en el curso SPN 395 <em>Dise\u00f1ando un Imperio: Plazas, poder y planeamiento urbano en la Espa\u00f1a Habsburga y sus colonias. <\/em><\/p>\n<h1 style=\"text-align: center;\"><em>Designing Empire in Hapsburg Spain<\/em><\/h1>\n<hr \/>\n<p>Spanish Habsburg monarchs employed the founding of cities as a tool of imperial legitimacy in ways other emerging colonial powers did not, creating an \u201cempire of cities\u201d (Kagan). In Europe, established urban centers underwent political change and spatial redesign, often at the expense of older commitments, while a new court capital, Madrid, was dramatically transformed. In the Americas, Mexico City was reshaped out of the violent demise of Tenochtitlan, while Lima was founded as a new viceregal capital and strategic alternative to\u00a0 Cuzco, the once capital of the Inca empire. This website showcases the\u00a0 digital projects produced by Grinnell College students enrolled in SPN 395 <em>Dise\u00f1ando un Imperio: Plazas, poder y planeamiento urbano en la Espa\u00f1a Habsburga y sus colonias. <\/em><br \/>\n<strong><br \/>\n<\/strong><\/p>\n<p style=\"text-align: center;\"><a href=\"http:\/\/mirzamperez.sites.grinnell.edu\/imperiodiseno\/wp-content\/uploads\/2016\/07\/Image-4.jpg\"><img loading=\"lazy\" decoding=\"async\" class=\"wp-image-46 aligncenter\" src=\"http:\/\/mirzamperez.sites.grinnell.edu\/imperiodiseno\/wp-content\/uploads\/2016\/07\/Image-4-300x150.jpg\" alt=\"Image 4\" width=\"678\" height=\"339\" srcset=\"https:\/\/mirzamperez.sites.grinnell.edu\/imperiodiseno\/wp-content\/uploads\/2016\/07\/Image-4-300x150.jpg 300w, https:\/\/mirzamperez.sites.grinnell.edu\/imperiodiseno\/wp-content\/uploads\/2016\/07\/Image-4-768x384.jpg 768w, https:\/\/mirzamperez.sites.grinnell.edu\/imperiodiseno\/wp-content\/uploads\/2016\/07\/Image-4-192x96.jpg 192w, https:\/\/mirzamperez.sites.grinnell.edu\/imperiodiseno\/wp-content\/uploads\/2016\/07\/Image-4.jpg 1000w\" sizes=\"auto, (max-width: 678px) 100vw, 678px\" \/><\/a><\/p>\n<p style=\"text-align: center;\">\n","protected":false},"excerpt":{"rendered":"<p>Dise\u00f1ando un imperio Habsburgo Los monarcas Habsburgos espa\u00f1oles emplearon la fundaci\u00f3n de ciudades como herramienta de legitimidad imperial en formas que otras potencias coloniales emergentes no lo hicieron o lo que se ha llamado la creaci\u00f3n de un \u201cimperio de las ciudades\u201d (Kagan). En Europa, los centros urbanos establecidos se sometieron a cambios pol\u00edticos y &hellip; <a href=\"https:\/\/mirzamperez.sites.grinnell.edu\/imperiodiseno\/\" class=\"more-link\">Continue reading <span class=\"screen-reader-text\"><\/span><\/a><\/p>\n","protected":false},"author":2,"featured_media":0,"parent":0,"menu_order":0,"comment_status":"closed","ping_status":"closed","template":"","meta":{"footnotes":""},"class_list":["post-35","page","type-page","status-publish","hentry"],"_links":{"self":[{"href":"https:\/\/mirzamperez.sites.grinnell.edu\/imperiodiseno\/wp-json\/wp\/v2\/pages\/35","targetHints":{"allow":["GET"]}}],"collection":[{"href":"https:\/\/mirzamperez.sites.grinnell.edu\/imperiodiseno\/wp-json\/wp\/v2\/pages"}],"about":[{"href":"https:\/\/mirzamperez.sites.grinnell.edu\/imperiodiseno\/wp-json\/wp\/v2\/types\/page"}],"author":[{"embeddable":true,"href":"https:\/\/mirzamperez.sites.grinnell.edu\/imperiodiseno\/wp-json\/wp\/v2\/users\/2"}],"replies":[{"embeddable":true,"href":"https:\/\/mirzamperez.sites.grinnell.edu\/imperiodiseno\/wp-json\/wp\/v2\/comments?post=35"}],"version-history":[{"count":11,"href":"https:\/\/mirzamperez.sites.grinnell.edu\/imperiodiseno\/wp-json\/wp\/v2\/pages\/35\/revisions"}],"predecessor-version":[{"id":113,"href":"https:\/\/mirzamperez.sites.grinnell.edu\/imperiodiseno\/wp-json\/wp\/v2\/pages\/35\/revisions\/113"}],"wp:attachment":[{"href":"https:\/\/mirzamperez.sites.grinnell.edu\/imperiodiseno\/wp-json\/wp\/v2\/media?parent=35"}],"curies":[{"name":"wp","href":"https:\/\/api.w.org\/{rel}","templated":true}]}}